{"id":1415,"date":"2017-06-28T11:10:45","date_gmt":"2017-06-28T09:10:45","guid":{"rendered":"https:\/\/www.baticlair.com\/mentions-legales\/"},"modified":"2019-06-21T14:33:00","modified_gmt":"2019-06-21T12:33:00","slug":"legal-notice","status":"publish","type":"page","link":"https:\/\/www.baticlair.com\/en\/legal-notice\/","title":{"rendered":"legal notice"},"content":{"rendered":"<p>The identity of the various participants involved in developing and maintaining the www.baticlair.com website are specified to users.<\/p>\n<ol>\n<li><strong>PUBLISHER :<\/strong><\/li>\n<\/ol>\n<p>FILCLAIR<\/p>\n<p>Soci\u00e9t\u00e9 par Actions Simplifi\u00e9es.<br \/>\nRegistered offices: 61 avenue de la grande Begude &#8211; 13770 Venelles<\/p>\n<p>Share capital: 1 502 570 Euros<br \/>\nAix-en-Provence Trade and Companies Register No. B 631 620 572<br \/>\nVAT number: : FR96631620572<br \/>\nE-mail :\u00a0<a href=\"mailto:informations@baticlair.com\">informations@baticlair.com<\/a><br \/>\nPhone : \u00a004 42 54 07 97<br \/>\n<strong>Director of publication:<\/strong> \u00a0Arnauld Thery<\/p>\n<ol start=\"2\">\n<li><strong>HOST <\/strong><strong>:<\/strong><\/li>\n<\/ol>\n<p><span style=\"text-decoration: underline;\">OVH<br \/>\n<\/span>Soci\u00e9t\u00e9 Anonyme<br \/>\nRegistered offices: 2 rue Kellermann &#8211; 59100 Roubaix &#8211; France<br \/>\nShare capital: 10 069 020 Euros<br \/>\nTrade and Companies Register No. Lille M\u00e9tropole 424 761 419 00045<\/p>\n<p><strong>\u00a0<\/strong><\/p>\n<ol start=\"3\">\n<li><strong>TPAM \/ TPOM (site maintenance):<\/strong><\/li>\n<\/ol>\n<p><span style=\"text-decoration: underline;\">LEVEL2<\/span><br \/>\nSoci\u00e9t\u00e9 \u00c0 Responsabilit\u00e9 Limit\u00e9<br \/>\nRegistered offices: 260 rue Rabelais, 13016 MARSEILLE, France.<br \/>\nShare capital: 1 000 euros<br \/>\nMarseille Trade and Companies Register No. B 532 124 229<br \/>\nPhone : +33 (0)4 91 31 36 67<br \/>\n<a href=\"https:\/\/www.level2.fr\/\" target=\"_blank\" rel=\"noopener noreferrer\">www.level2.fr<\/a><\/p>\n","protected":false},"excerpt":{"rendered":"The identity of the various participants involved in developing and maintaining the www.baticlair.com website are specified to users. PUBLISHER : FILCLAIR Soci\u00e9t\u00e9 par Actions Simplifi\u00e9es. Registered offices: 61 avenue de la grande Begude &#8211; 13770 Venelles Share capital: 1 502 570 Euros Aix-en-Provence Trade and Companies Register No. B 631 620 572 VAT number: :&#8230; <a class=\"view-article\" href=\"https:\/\/www.baticlair.com\/en\/legal-notice\/\">View Article<\/a>","protected":false},"author":1,"featured_media":0,"parent":0,"menu_order":0,"comment_status":"closed","ping_status":"closed","template":"","meta":[],"acf":[],"yoast_head":"<!-- This site is optimized with the Yoast SEO plugin v19.7.2 - https:\/\/yoast.com\/wordpress\/plugins\/seo\/ -->\n<title>BATICLAIR - legal notice<\/title>\n<meta name=\"description\" content=\"legal notice - Tunnels d\u2019\u00e9levage et de stockage\" \/>\n<meta name=\"robots\" content=\"index, follow, max-snippet:-1, max-image-preview:large, max-video-preview:-1\" \/>\n<link rel=\"canonical\" href=\"https:\/\/www.baticlair.com\/en\/legal-notice\/\" \/>\n<meta property=\"og:locale\" content=\"en_US\" \/>\n<meta property=\"og:type\" content=\"article\" \/>\n<meta property=\"og:title\" content=\"BATICLAIR - legal notice\" \/>\n<meta property=\"og:description\" content=\"legal notice - Tunnels d\u2019\u00e9levage et de stockage\" \/>\n<meta property=\"og:url\" content=\"https:\/\/www.baticlair.com\/en\/legal-notice\/\" \/>\n<meta property=\"og:site_name\" content=\"BATICLAIR\" \/>\n<meta property=\"article:modified_time\" content=\"2019-06-21T12:33:00+00:00\" \/>\n<meta name=\"twitter:card\" content=\"summary\" \/>\n<meta name=\"twitter:label1\" content=\"Est. reading time\" \/>\n\t<meta name=\"twitter:data1\" content=\"1 minute\" \/>\n<script type=\"application\/ld+json\" class=\"yoast-schema-graph\">{\"@context\":\"https:\/\/schema.org\",\"@graph\":[{\"@type\":\"WebPage\",\"@id\":\"https:\/\/www.baticlair.com\/en\/legal-notice\/\",\"url\":\"https:\/\/www.baticlair.com\/en\/legal-notice\/\",\"name\":\"BATICLAIR - legal notice\",\"isPartOf\":{\"@id\":\"https:\/\/www.baticlair.com\/en\/#website\"},\"datePublished\":\"2017-06-28T09:10:45+00:00\",\"dateModified\":\"2019-06-21T12:33:00+00:00\",\"description\":\"legal notice - Tunnels d\u2019\u00e9levage et de stockage\",\"breadcrumb\":{\"@id\":\"https:\/\/www.baticlair.com\/en\/legal-notice\/#breadcrumb\"},\"inLanguage\":\"en-US\",\"potentialAction\":[{\"@type\":\"ReadAction\",\"target\":[\"https:\/\/www.baticlair.com\/en\/legal-notice\/\"]}]},{\"@type\":\"BreadcrumbList\",\"@id\":\"https:\/\/www.baticlair.com\/en\/legal-notice\/#breadcrumb\",\"itemListElement\":[{\"@type\":\"ListItem\",\"position\":1,\"name\":\"Accueil\",\"item\":\"https:\/\/www.baticlair.com\/en\/\"},{\"@type\":\"ListItem\",\"position\":2,\"name\":\"legal notice\"}]},{\"@type\":\"WebSite\",\"@id\":\"https:\/\/www.baticlair.com\/en\/#website\",\"url\":\"https:\/\/www.baticlair.com\/en\/\",\"name\":\"BATICLAIR\",\"description\":\"\",\"potentialAction\":[{\"@type\":\"SearchAction\",\"target\":{\"@type\":\"EntryPoint\",\"urlTemplate\":\"https:\/\/www.baticlair.com\/en\/?s={search_term_string}\"},\"query-input\":\"required name=search_term_string\"}],\"inLanguage\":\"en-US\"}]}<\/script>\n<!-- \/ Yoast SEO plugin. -->","yoast_head_json":{"title":"BATICLAIR - legal notice","description":"legal notice - Tunnels d\u2019\u00e9levage et de stockage","robots":{"index":"index","follow":"follow","max-snippet":"max-snippet:-1","max-image-preview":"max-image-preview:large","max-video-preview":"max-video-preview:-1"},"canonical":"https:\/\/www.baticlair.com\/en\/legal-notice\/","og_locale":"en_US","og_type":"article","og_title":"BATICLAIR - legal notice","og_description":"legal notice - Tunnels d\u2019\u00e9levage et de stockage","og_url":"https:\/\/www.baticlair.com\/en\/legal-notice\/","og_site_name":"BATICLAIR","article_modified_time":"2019-06-21T12:33:00+00:00","twitter_card":"summary","twitter_misc":{"Est. reading time":"1 minute"},"schema":{"@context":"https:\/\/schema.org","@graph":[{"@type":"WebPage","@id":"https:\/\/www.baticlair.com\/en\/legal-notice\/","url":"https:\/\/www.baticlair.com\/en\/legal-notice\/","name":"BATICLAIR - legal notice","isPartOf":{"@id":"https:\/\/www.baticlair.com\/en\/#website"},"datePublished":"2017-06-28T09:10:45+00:00","dateModified":"2019-06-21T12:33:00+00:00","description":"legal notice - Tunnels d\u2019\u00e9levage et de stockage","breadcrumb":{"@id":"https:\/\/www.baticlair.com\/en\/legal-notice\/#breadcrumb"},"inLanguage":"en-US","potentialAction":[{"@type":"ReadAction","target":["https:\/\/www.baticlair.com\/en\/legal-notice\/"]}]},{"@type":"BreadcrumbList","@id":"https:\/\/www.baticlair.com\/en\/legal-notice\/#breadcrumb","itemListElement":[{"@type":"ListItem","position":1,"name":"Accueil","item":"https:\/\/www.baticlair.com\/en\/"},{"@type":"ListItem","position":2,"name":"legal notice"}]},{"@type":"WebSite","@id":"https:\/\/www.baticlair.com\/en\/#website","url":"https:\/\/www.baticlair.com\/en\/","name":"BATICLAIR","description":"","potentialAction":[{"@type":"SearchAction","target":{"@type":"EntryPoint","urlTemplate":"https:\/\/www.baticlair.com\/en\/?s={search_term_string}"},"query-input":"required name=search_term_string"}],"inLanguage":"en-US"}]}},"_links":{"self":[{"href":"https:\/\/www.baticlair.com\/en\/wp-json\/wp\/v2\/pages\/1415"}],"collection":[{"href":"https:\/\/www.baticlair.com\/en\/wp-json\/wp\/v2\/pages"}],"about":[{"href":"https:\/\/www.baticlair.com\/en\/wp-json\/wp\/v2\/types\/page"}],"author":[{"embeddable":true,"href":"https:\/\/www.baticlair.com\/en\/wp-json\/wp\/v2\/users\/1"}],"replies":[{"embeddable":true,"href":"https:\/\/www.baticlair.com\/en\/wp-json\/wp\/v2\/comments?post=1415"}],"version-history":[{"count":3,"href":"https:\/\/www.baticlair.com\/en\/wp-json\/wp\/v2\/pages\/1415\/revisions"}],"predecessor-version":[{"id":1445,"href":"https:\/\/www.baticlair.com\/en\/wp-json\/wp\/v2\/pages\/1415\/revisions\/1445"}],"wp:attachment":[{"href":"https:\/\/www.baticlair.com\/en\/wp-json\/wp\/v2\/media?parent=1415"}],"curies":[{"name":"wp","href":"https:\/\/api.w.org\/{rel}","templated":true}]}}